{"id":12209,"date":"2018-03-03T03:28:23","date_gmt":"2018-03-03T03:28:23","guid":{"rendered":"http:\/\/wp.nootheme.com\/jobmonster\/dummy2\/?page_id=12209"},"modified":"2025-06-10T09:29:40","modified_gmt":"2025-06-10T06:29:40","slug":"recruitment-home","status":"publish","type":"page","link":"https:\/\/kariyer.memak.com\/","title":{"rendered":"Memak Kariyer"},"content":{"rendered":"<div class=\"wpb-content-wrapper\"><p>[vc_row][vc_column]\n\t\t\t\t<p class=\"rs-p-wp-fix\"><\/p>\n\t\t\t\t<sr7-module data-alias=\"home-slider1\" data-id=\"2\" id=\"SR7_2_1\" class=\"rs-ov-hidden\" data-version=\"6.7.15\">\n\t\t\t\t\t<sr7-adjuster><\/sr7-adjuster>\n\t\t\t\t\t<sr7-content>\n\t\t\t\t\t\t<sr7-slide id=\"SR7_2_1-3\" data-key=\"3\">\n\t\t\t\t\t\t\t<sr7-bg id=\"SR7_2_1-3-9\" class=\"sr7-layer\"><noscript><img decoding=\"async\" src=\"http:\/\/kariyer.memak.com\/wp-content\/uploads\/2018\/03\/slider-hom1.png\" alt=\"\" title=\"slider-hom1\"><\/noscript><\/sr7-bg>\n\t\t\t\t\t\t\t<sr7-txt id=\"SR7_2_1-3-1\" class=\"sr7-layer\">GELECE\u011e\u0130N\u0130Z\u0130<\/sr7-txt>\n\t\t\t\t\t\t\t<sr7-txt id=\"SR7_2_1-3-2\" class=\"sr7-layer\">MEMAK<\/sr7-txt>\n\t\t\t\t\t\t\t<a id=\"SR7_2_1-3-3\" class=\"sr7-layer\" href=\"https:\/\/kariyer.memak.com\/?post_type=noo_job\" target=\"_self\">A\u00e7\u0131k Pozisyonlar<\/a>\n\t\t\t\t\t\t\t<sr7-txt id=\"SR7_2_1-3-6\" class=\"sr7-layer\">\u0130LE \u015eEK\u0130LLEND\u0130R\u0130N<\/sr7-txt>\n\t\t\t\t\t\t\t<sr7-txt id=\"SR7_2_1-3-8\" class=\"sr7-layer\">Gelece\u011fe y\u00f6n veren, yarat\u0131c\u0131, etik de\u011ferlere ba\u011fl\u0131, ba\u011f\u0131ms\u0131z d\u00fc\u015f\u00fcnme becerileri geli\u015fmi\u015f, tak\u0131m oyuncusu niteliklerine sahip, h\u0131zla de\u011fi\u015fen teknolojiyi takip ederek kendisi de bu de\u011fi\u015fimin \u00f6nc\u00fcs\u00fc olabilecek, s\u00fcrekli geli\u015fme ve \u00f6\u011frenme \u00e7abas\u0131 i\u00e7erisindeki adaylar\u0131 MEMAK\u2019a kazand\u0131rma amac\u0131yla hareket ediyoruz.<\/sr7-txt>\n\t\t\t\t\t\t<\/sr7-slide>\n\t\t\t\t\t\t<sr7-slide id=\"SR7_2_1-5\" data-key=\"5\">\n\t\t\t\t\t\t<\/sr7-slide>\n\t\t\t\t\t<\/sr7-content>\n\t\t\t\t\t<image_lists style=\"display:none\">\n\t\t\t\t\t\t<img data-src=\"\/\/kariyer.memak.com\/wp-content\/uploads\/2018\/03\/slider-hom1.png\" data-libid=\"12441\" title=\"slider-hom1\" width=\"0\" height=\"0\" data-dbsrc=\"Ly9rYXJpeWVyLm1lbWFrLmNvbS93cC1jb250ZW50L3VwbG9hZHMvMjAxOC8wMy9zbGlkZXItaG9tMS5wbmc=\"\/>\n\t\t\t\t\t<\/image_lists>\n\t\t\t\t<\/sr7-module>\n\t\t\t\t<script>\n\t\t\t\t\tSR7.PMH ??={}; SR7.PMH[\"SR7_2_1\"] = {cn:0,state:false,fn: function() { if (_tpt!==undefined && _tpt.prepareModuleHeight !== undefined) {  _tpt.prepareModuleHeight({id:\"SR7_2_1\",el:[875,875,875,875,480],type:'standard',shdw:'0',gh:[875,875,875,875,480],gw:[1920,1920,1920,1920,480],vpt:['100px&#039;,&#039;100px&#039;,&#039;100px&#039;,&#039;100px&#039;,&#039;100px'],size:{fullWidth:true, fullHeight:false},mh:'0',onh:0,onw:0,bg:{color:'{\"type\":\"solid\",\"orig\":\"#FFFFFF\",\"string\":\"rgba(255, 255, 255, 1)\"}'},plType:'2',plColor:'#FFFFFF'});   SR7.PMH[\"SR7_2_1\"].state=true;} else if((SR7.PMH[\"SR7_2_1\"].cn++)<100)\tsetTimeout( SR7.PMH[\"SR7_2_1\"].fn,19);}};SR7.PMH[\"SR7_2_1\" ].fn();\n\t\t\t\t<\/script>\n[\/vc_column][\/vc_row]<\/p>\n<\/div>","protected":false},"excerpt":{"rendered":"<p>[vc_row][vc_column][\/vc_column][\/vc_row]<\/p>\n","protected":false},"author":1,"featured_media":0,"parent":0,"menu_order":0,"comment_status":"closed","ping_status":"closed","template":"page-full-width.php","meta":{"footnotes":""},"class_list":["post-12209","page","type-page","status-publish","hentry","no-featured","has-left-col"],"_links":{"self":[{"href":"https:\/\/kariyer.memak.com\/index.php?rest_route=\/wp\/v2\/pages\/12209","targetHints":{"allow":["GET"]}}],"collection":[{"href":"https:\/\/kariyer.memak.com\/index.php?rest_route=\/wp\/v2\/pages"}],"about":[{"href":"https:\/\/kariyer.memak.com\/index.php?rest_route=\/wp\/v2\/types\/page"}],"author":[{"embeddable":true,"href":"https:\/\/kariyer.memak.com\/index.php?rest_route=\/wp\/v2\/users\/1"}],"replies":[{"embeddable":true,"href":"https:\/\/kariyer.memak.com\/index.php?rest_route=%2Fwp%2Fv2%2Fcomments&post=12209"}],"version-history":[{"count":8,"href":"https:\/\/kariyer.memak.com\/index.php?rest_route=\/wp\/v2\/pages\/12209\/revisions"}],"predecessor-version":[{"id":17657,"href":"https:\/\/kariyer.memak.com\/index.php?rest_route=\/wp\/v2\/pages\/12209\/revisions\/17657"}],"wp:attachment":[{"href":"https:\/\/kariyer.memak.com\/index.php?rest_route=%2Fwp%2Fv2%2Fmedia&parent=12209"}],"curies":[{"name":"wp","href":"https:\/\/api.w.org\/{rel}","templated":true}]}}