{"id":13019,"date":"2015-01-14T04:04:55","date_gmt":"2015-01-14T04:04:55","guid":{"rendered":"http:\/\/localhost\/NooPress\/jobmonster\/?page_id=2"},"modified":"2025-03-27T15:21:44","modified_gmt":"2025-03-27T12:21:44","slug":"sss","status":"publish","type":"page","link":"https:\/\/kariyer.memak.com\/?page_id=13019","title":{"rendered":"SIK\u00c7A SORULAN SORULAR"},"content":{"rendered":"<div class=\"wpb-content-wrapper\"><p>[vc_row][vc_column][vc_custom_heading text=&#8221;Memak \u0130\u015f Ba\u015fvurusu Hakk\u0131nda&#8221; font_container=&#8221;tag:h3|text_align:center&#8221; google_fonts=&#8221;font_family:Montserrat%3Aregular%2C700|font_style:400%20regular%3A400%3Anormal&#8221; css=&#8221;&#8221;][vc_column_text css=&#8221;&#8221;]<\/p>\n<blockquote><p>Memak&#8217;a nas\u0131l i\u015f ba\u015fvurusu yapabilirim?<\/p><\/blockquote>\n<div class=\"questionsSlider\">\n<div class=\"swiper questionsSwiper swiper-initialized swiper-horizontal swiper-pointer-events swiper-backface-hidden\">\n<div id=\"swiper-wrapper-996423d710d8ab9cd\" class=\"swiper-wrapper\" aria-live=\"polite\">\n<div class=\"swiper-slide swiper-slide-active\" role=\"group\" aria-label=\"1 \/ 3\">\n<div class=\"swiperContent\">\n<div class=\"accordionContent\">\n<div id=\"accordionPanelsStayOpenExample1\" class=\"accordion\">\n<div class=\"accordion-item\">\n<div id=\"panelsStayOpen-collapse139\" class=\"accordion-collapse collapse show\" aria-labelledby=\"panelsStayOpen-heading 139\" data-bs-parent=\"#accordionPanelsStayOpenExample1\">\n<div class=\"accordion-body\">\n<p>Firmam\u0131za i\u015f ba\u015fvurusu yapabilmek i\u00e7in web sitemizi (<a href=\"https:\/\/kariyer.memak.com\">kariyer.memak.com\/<\/a>) ziyaret etmeniz gerekmektedir. Web sitemizde yer alan\u00a0 \u201cA\u00e7\u0131k Pozisyonlar\u201d ba\u015fl\u0131\u011f\u0131na t\u0131klayarak pozisyonlar\u0131m\u0131z\u0131 g\u00f6r\u00fcnt\u00fcleyebilir ve ba\u015fvurunuzu iletmek istedi\u011finiz ilan\u0131n alt k\u00f6\u015fesinde bulunan \u201cBa\u015fvur\u201d butonuna t\u0131klayarak \u201c\u0130\u015f Ba\u015fvuru\u201d formumuza ula\u015fabilirsiniz. Formda yer alan bilgileri doldurup ve ilgili dok\u00fcmanlar\u0131 y\u00fckleyip\u00a0 \u201cG\u00f6nder\u201d butonuna t\u0131klad\u0131\u011f\u0131n\u0131zda i\u015f ba\u015fvurunuz ger\u00e7ekle\u015fmi\u015f olacakt\u0131r.<\/p>\n<\/div>\n<\/div>\n<\/div>\n<\/div>\n<\/div>\n<\/div>\n<\/div>\n<\/div>\n<\/div>\n<\/div>\n<blockquote><p>Firman\u0131za CV getirerek ya da mail yoluyla i\u015f ba\u015fvurusu yapabilir miyim?<\/p>\n<p>Web siteniz \u00fczerinden firman\u0131za ba\u015fvuru yapt\u0131m, taraf\u0131ma geri d\u00f6n\u00fc\u015f sa\u011flanacak m\u0131d\u0131r?<\/p>\n<p>Daha \u00f6nce Memak&#8217;a i\u015f ba\u015fvurusu yapt\u0131m, tekrar i\u015f ba\u015fvurusu yapmam gerekir mi?<\/p>\n<p>Daha \u00f6nce Memak&#8217;a ba\u015fvuru yapm\u0131\u015ft\u0131m ancak ba\u015fvurum olumsuz olarak sonu\u00e7land\u0131, tekrar ba\u015fvuru yapmak istesem ne zaman ba\u015fvurumu iletmem gerekir?<\/p>\n<p>Ba\u015fvuru yapabilece\u011fimiz ilanlar konusunda bir k\u0131s\u0131tlama mevcut mudur?<\/p>\n<p>Kariyer.net\u2019te a\u00e7\u0131k olan ilan\u0131n\u0131za ba\u015fvurmam halinde web sitenizden de ba\u015fvuru yapmal\u0131 m\u0131y\u0131m?<\/p>\n<p>\u0130\u015fe al\u0131m ve m\u00fclakat s\u00fcre\u00e7leriniz nas\u0131l y\u00fcr\u00fct\u00fclmektedir?<\/p>\n<p>M\u00fclakat sonucu ile ilgili bilgilendirme nas\u0131l yap\u0131lacakt\u0131r?<\/p>\n<p>\u00dcniversite 4. S\u0131n\u0131f \u00f6\u011frencisiyim, i\u015f ilanlar\u0131n\u0131za ba\u015fvuru yapabilir miyim?<\/p><\/blockquote>\n<p>[\/vc_column_text][vc_custom_heading text=&#8221;Memak Staj Ba\u015fvurusu Hakk\u0131nda&#8221; font_container=&#8221;tag:h3|text_align:center&#8221; google_fonts=&#8221;font_family:Montserrat%3Aregular%2C700|font_style:400%20regular%3A400%3Anormal&#8221; css=&#8221;&#8221;][vc_column_text css=&#8221;&#8221;]<\/p>\n<blockquote><p>Memak\u2019\u0131n yaz staj\u0131 program\u0131na nas\u0131l ba\u015fvuru yapabilirim?<\/p>\n<p>Memak&#8217;da \u00e7al\u0131\u015fma ko\u015fullar\u0131 nas\u0131ld\u0131r ve yan haklar nelerdir?<\/p>\n<p>Memak\u2019a d\u00f6nem i\u00e7i staj\/uzun d\u00f6nem staj ba\u015fvurusu nas\u0131l yapabilirim?<\/p>\n<p>Memak yaz d\u00f6nemi staj program\u0131na ba\u015fvuru yaparken staj t\u00fcr\u00fcn\u00fcn g\u00f6n\u00fcll\u00fc ya da zorunlu olmas\u0131 ne anlama gelmektedir?<\/p>\n<p>Memak yaz staj\u0131 program\u0131nda birka\u00e7 birim\/b\u00f6l\u00fcme staj ba\u015fvurusu yapabilir miyim?<\/p>\n<p>Staj s\u00fcremin Memak\u2019\u0131n belirdi\u011fi minimum staj s\u00fcresinden farkl\u0131(az ya da \u00e7ok) olmas\u0131 halinde staj formuna ka\u00e7 g\u00fcn olarak belirtmeliyim?<\/p>\n<p>Stajyer adaylar\u0131na telafi s\u0131nav\u0131 uygulanacak m\u0131d\u0131r?<\/p>\n<p>S\u0131nav s\u0131ras\u0131nda Aday Bilgi Formunu dolduramad\u0131m, s\u0131nav\u0131m ge\u00e7ersiz say\u0131l\u0131r m\u0131?<\/p>\n<p>Lise \u00f6\u011frencileri Memak&#8217;da staj yapabilir mi?<\/p>\n<p>Memak staj d\u00f6nemim boyunca konaklama imk\u00e2n\u0131 sa\u011flayacak m\u0131?<\/p>\n<p>Memak staj d\u00f6nemim s\u00fcresince servis imk\u00e2n\u0131 sa\u011flayacak m\u0131?<\/p>\n<p>Staj s\u00fcrem boyunca Cumartesi g\u00fcnleri staja kat\u0131l\u0131m g\u00f6stermem gerekiyor mu?<\/p>\n<p>Memak Yaz D\u00f6nemi staj ba\u015fvurumu yaparken yanl\u0131\u015f d\u00f6nemi se\u00e7tim. De\u011fi\u015fiklik yapmam m\u00fcmk\u00fcn m\u00fc?<\/p><\/blockquote>\n<p>[\/vc_column_text][\/vc_column][\/vc_row][vc_row][vc_column][\/vc_column][\/vc_row]<\/p>\n<\/div>","protected":false},"excerpt":{"rendered":"<p>[vc_row][vc_column][vc_custom_heading text=&#8221;Memak \u0130\u015f Ba\u015fvurusu Hakk\u0131nda&#8221; font_container=&#8221;tag:h3|text_align:center&#8221; google_fonts=&#8221;font_family:Montserrat%3Aregular%2C700|font_style:400%20regular%3A400%3Anormal&#8221; css=&#8221;&#8221;][vc_column_text css=&#8221;&#8221;] Memak&#8217;a nas\u0131l i\u015f ba\u015fvurusu yapabilirim? Firmam\u0131za i\u015f ba\u015fvurusu yapabilmek i\u00e7in web sitemizi (kariyer.memak.com\/) ziyaret etmeniz gerekmektedir. Web sitemizde yer alan\u00a0 \u201cA\u00e7\u0131k Pozisyonlar\u201d ba\u015fl\u0131\u011f\u0131na t\u0131klayarak pozisyonlar\u0131m\u0131z\u0131 g\u00f6r\u00fcnt\u00fcleyebilir ve ba\u015fvurunuzu iletmek istedi\u011finiz ilan\u0131n alt k\u00f6\u015fesinde bulunan \u201cBa\u015fvur\u201d butonuna t\u0131klayarak \u201c\u0130\u015f Ba\u015fvuru\u201d formumuza ula\u015fabilirsiniz. Formda yer alan bilgileri doldurup ve ilgili dok\u00fcmanlar\u0131 y\u00fckleyip\u00a0 \u201cG\u00f6nder\u201d<\/p>\n","protected":false},"author":1,"featured_media":0,"parent":0,"menu_order":0,"comment_status":"open","ping_status":"closed","template":"","meta":{"footnotes":""},"class_list":["post-13019","page","type-page","status-publish","hentry","no-featured","has-left-col"],"_links":{"self":[{"href":"https:\/\/kariyer.memak.com\/index.php?rest_route=\/wp\/v2\/pages\/13019","targetHints":{"allow":["GET"]}}],"collection":[{"href":"https:\/\/kariyer.memak.com\/index.php?rest_route=\/wp\/v2\/pages"}],"about":[{"href":"https:\/\/kariyer.memak.com\/index.php?rest_route=\/wp\/v2\/types\/page"}],"author":[{"embeddable":true,"href":"https:\/\/kariyer.memak.com\/index.php?rest_route=\/wp\/v2\/users\/1"}],"replies":[{"embeddable":true,"href":"https:\/\/kariyer.memak.com\/index.php?rest_route=%2Fwp%2Fv2%2Fcomments&post=13019"}],"version-history":[{"count":8,"href":"https:\/\/kariyer.memak.com\/index.php?rest_route=\/wp\/v2\/pages\/13019\/revisions"}],"predecessor-version":[{"id":17478,"href":"https:\/\/kariyer.memak.com\/index.php?rest_route=\/wp\/v2\/pages\/13019\/revisions\/17478"}],"wp:attachment":[{"href":"https:\/\/kariyer.memak.com\/index.php?rest_route=%2Fwp%2Fv2%2Fmedia&parent=13019"}],"curies":[{"name":"wp","href":"https:\/\/api.w.org\/{rel}","templated":true}]}}